{"id":70,"date":"2024-09-28T20:28:07","date_gmt":"2024-09-29T01:28:07","guid":{"rendered":"https:\/\/electric-road-trip.com\/materialis\/"},"modified":"2025-10-20T07:57:27","modified_gmt":"2025-10-20T12:57:27","slug":"materialis","status":"publish","type":"page","link":"https:\/\/electric-road-trip.com\/en\/","title":{"rendered":"Front Page"},"content":{"rendered":"<!-- wp:extendstudio\/materialis--><!-- \/wp:extendstudio\/materialis--><!-- \/wp:extendstudio\/materialis--><!-- wp:extendstudio\/materialis--><div  id=\"about-7\" class=\"about-1 content-section content-section-spacing-large\" style=\"background-color: #ffffff; background-image: none;\" data-label=\"About\" data-id=\"about--1\" data-export-id=\"about-1\" data-category=\"about\">\n<div  class=\"gridContainer\">\n<div  class=\"row col-xs-12\">\n<div  class=\"section-title-col content-left-sm\" data-type=\"column\">\n<h2  class=\"\">How it's started<\/h2>\n<p  class=\"lead\">What excites me about road trips is the idea of \u200b\u200bautonomy. Being in control of my own itinerary, being able to sleep in my car and not depending on anyone to plan my stops. With modern technologies, I can easily work remotely while exploring incredible places.\n<br >\n<br >Avec les v\u00e9hicules \u00e9lectriques, j\u2019ai trouv\u00e9 un \u00e9quilibre parfait entre l\u2019innovation technologique et mon envie d\u2019\u00e9vasion. Voyager en silence, sans \u00e9missions polluantes, tout en restant connect\u00e9 au monde, c\u2019est l\u2019exp\u00e9rience que je veux partager avec vous.<br >\n<br >This blog, Electric Road Trip +, was born from this desire to combine my passions for the road, innovation and autonomy. You will find my stories, advice, and maybe even a little inspiration for your own electric trips.<\/p>\n\n<\/div>\n<\/div>\n<div  class=\"row col-xs-12\">\n<div  class=\"button-holder space-bottom space-bottom-small content-left-sm\" data-type=\"column\"><\/div>\n<div  class=\"col-xs bottom-xs flexbox image-group-bottom-3-img center-xs\"><img  decoding=\"async\" class=\"left-img mdc-elevation--z10 rounded-topleft-topright\" src=\"https:\/\/electric-road-trip.com\/wp-content\/uploads\/2024\/10\/Image_1.jpg\" data-size=\"400x275\"> <img  decoding=\"async\" class=\"center-img mdc-elevation--z10 rounded-topleft-topright\" src=\"https:\/\/electric-road-trip.com\/wp-content\/uploads\/2024\/10\/cropped-Image_2.jpg\" data-size=\"500x325\"> <img  decoding=\"async\" class=\"right-img mdc-elevation--z10 rounded-topleft-topright\" src=\"https:\/\/electric-road-trip.com\/wp-content\/uploads\/2024\/10\/Image_3.jpg\" data-size=\"400x275\"><\/div>\n<\/div>\n<\/div>\n<\/div><!-- \/wp:extendstudio\/materialis--><!-- CloudPress Companion Preview Data START --><!-- wp:extendstudio\/materialis--><!-- \/wp:extendstudio\/materialis--><!-- wp:extendstudio\/materialis--><!-- \/wp:extendstudio\/materialis--><!-- wp:extendstudio\/materialis--><!-- wp:extendstudio\/materialis--><!-- \/wp:extendstudio\/materialis--><!-- wp:extendstudio\/materialis--><!-- \/wp:extendstudio\/materialis--><!-- wp:extendstudio\/materialis--><!-- \/wp:extendstudio\/materialis--><!-- wp:extendstudio\/materialis--><!-- \/wp:extendstudio\/materialis--><!-- wp:extendstudio\/materialis--><!-- \/wp:extendstudio\/materialis--><!-- wp:extendstudio\/materialis--><!-- \/wp:extendstudio\/materialis--><!-- \/wp:extendstudio\/materialis--><!-- CloudPress Companion Preview Data START --><!-- wp:extendstudio\/materialis--><div  id=\"latest-news-1\" class=\"latest-news-1-materialis content-section content-section-spacing-large\" style=\"background-color: #f5fafd;\" data-label=\"Latest-news\" data-id=\"latest-news-1-materialis\" data-export-id=\"latest-news-1-materialis\" data-category=\"latest_news\">\n<div  class=\"gridContainer\">\n<div  class=\"row\">\n<div  class=\"section-title-col\" data-type=\"column\">\n<h2  class=\"\">Recent articles<\/h2>\n<\/div>\n<\/div>\n<div  class=\"row content-left-sm\">\n<div  data-type=\"row\" data-dynamic-columns=\"handled\" data-content-shortcode=\"materialis_latest_news columns=&quot;6&quot; \" data-max-items=\"4\">\t\t<div class=\"row materialis-latest-news\">\n\t\t\t\t\t<div id=\"post-490\" class=\"col-sm-6 col-md-6 space-bottom space-bottom-xs\">\n\t\t\t\t\t<div class=\"post-content no-padding  mdc-card overflow-hidden mdc-elevation--z2 latest-news-layout-cards\">\n\t\t\t\t\t<div class=\"\">\n\t\t\t\t    <div class=\"post-thumbnail\">\n        <a href=\"https:\/\/electric-road-trip.com\/en\/un-peu-plus-off-road\/\" class=\"post-list-item-thumb\">\n            <img loading=\"lazy\" decoding=\"async\" width=\"1232\" height=\"616\" src=\"https:\/\/electric-road-trip.com\/wp-content\/uploads\/2025\/11\/Featured_01-1232x616.jpg\" class=\"attachment-post-thumbnail size-post-thumbnail wp-post-image\" alt=\"\" srcset=\"https:\/\/electric-road-trip.com\/wp-content\/uploads\/2025\/11\/Featured_01-1232x616.jpg 1232w, https:\/\/electric-road-trip.com\/wp-content\/uploads\/2025\/11\/Featured_01-300x150.jpg 300w, https:\/\/electric-road-trip.com\/wp-content\/uploads\/2025\/11\/Featured_01-1024x512.jpg 1024w, https:\/\/electric-road-trip.com\/wp-content\/uploads\/2025\/11\/Featured_01-768x384.jpg 768w, https:\/\/electric-road-trip.com\/wp-content\/uploads\/2025\/11\/Featured_01-1536x768.jpg 1536w, https:\/\/electric-road-trip.com\/wp-content\/uploads\/2025\/11\/Featured_01-18x9.jpg 18w, https:\/\/electric-road-trip.com\/wp-content\/uploads\/2025\/11\/Featured_01-1920x960.jpg 1920w, https:\/\/electric-road-trip.com\/wp-content\/uploads\/2025\/11\/Featured_01.jpg 2000w\" sizes=\"auto, (max-width: 1232px) 100vw, 1232px\" \/>        <\/a>\n    <\/div>\n    \t\t\t<\/div>\n\t\t\n\t\t<div class=\"post-content-body col-padding\">\n\t\t\t\t\t\t\t<div class=\"space-bottom-small\">\n\t\t\t\t\t<a href=\"https:\/\/electric-road-trip.com\/en\/pratico-pratique\/\"  class=\"button color5 link\">Practical and Useful<\/a>\t\t\t\t<\/div>\n\t\t\t\n\t\t\t<h4 class=\"latest-news-item-title\">\n\t\t\t\t<a href=\"https:\/\/electric-road-trip.com\/en\/un-peu-plus-off-road\/\" rel=\"bookmark\">\n\t\t\t\t\tA bit more \u201coff-road\u201d\t\t\t\t<\/a>\n\t\t\t<\/h4>\n\n\t\t\t\n\t\t\t<div class=\"latest-news-item-excerpt\">\n\t\t\t\t<p>Montreal \u2192 Fermont: how far can you rely on the charging network?<\/p>\n\t\t\t<\/div>\n\n\n\t\t<\/div>\n\t\t\t\t\t\t\t<div class=\"mdc-card__actions box-padding-lr-small text-dark\">\n\t\t\t\t<div class=\"mdc-card__action-icons col-xs-12 text-dark col-sm-fit no-padding-left\">\n\t\t\t\t\t\t<a class=\"post-footer-link\" href=\"https:\/\/electric-road-trip.com\/en\/un-peu-plus-off-road\/\">\n\t\t<i class=\"mdi small mdi-comment-outline mdc-card__action mdc-card__action--icon color-darkgray\" title=\"Comments\"><\/i>\n\t\t<span class=\"post-footer-value\">0<\/span>\n\t<\/a>\n\t<a class=\"post-footer-link\" href=\"https:\/\/electric-road-trip.com\/en\/un-peu-plus-off-road\/\">\n\t\t<i class=\"mdi small mdi-clock mdc-card__action mdc-card__action--icon color-darkgray\" title=\"Post Time\"><\/i>\n\t\t<span class=\"post-footer-value\">November 13, 2025<\/span>\n\t<\/a>\n\t\t\t\t\t<\/div>\n\t\t\t\t<div class=\"mdc-card__action-buttons col-xs-12 col-sm-fit no-padding\">\n\t\t\t\t\t<a href=\"https:\/\/electric-road-trip.com\/en\/un-peu-plus-off-road\/\" class=\"button color2 link\">Read more<\/a>\n\t\t\t\t<\/div>\n\t\t\t<\/div>\n\t\t\t<\/div>\n\t\t\t\t<\/div>\n\t\t\t\t\t\t<div id=\"post-439\" class=\"col-sm-6 col-md-6 space-bottom space-bottom-xs\">\n\t\t\t\t\t<div class=\"post-content no-padding  mdc-card overflow-hidden mdc-elevation--z2 latest-news-layout-cards\">\n\t\t\t\t\t<div class=\"\">\n\t\t\t\t    <div class=\"post-thumbnail\">\n        <a href=\"https:\/\/electric-road-trip.com\/en\/systeme-audio\/\" class=\"post-list-item-thumb\">\n            <img loading=\"lazy\" decoding=\"async\" width=\"1232\" height=\"616\" src=\"https:\/\/electric-road-trip.com\/wp-content\/uploads\/2025\/07\/Featured_01-1232x616.jpg\" class=\"attachment-post-thumbnail size-post-thumbnail wp-post-image\" alt=\"\" srcset=\"https:\/\/electric-road-trip.com\/wp-content\/uploads\/2025\/07\/Featured_01-1232x616.jpg 1232w, https:\/\/electric-road-trip.com\/wp-content\/uploads\/2025\/07\/Featured_01-300x150.jpg 300w, https:\/\/electric-road-trip.com\/wp-content\/uploads\/2025\/07\/Featured_01-1024x512.jpg 1024w, https:\/\/electric-road-trip.com\/wp-content\/uploads\/2025\/07\/Featured_01-768x384.jpg 768w, https:\/\/electric-road-trip.com\/wp-content\/uploads\/2025\/07\/Featured_01-1536x768.jpg 1536w, https:\/\/electric-road-trip.com\/wp-content\/uploads\/2025\/07\/Featured_01-18x9.jpg 18w, https:\/\/electric-road-trip.com\/wp-content\/uploads\/2025\/07\/Featured_01-1920x960.jpg 1920w, https:\/\/electric-road-trip.com\/wp-content\/uploads\/2025\/07\/Featured_01.jpg 2000w\" sizes=\"auto, (max-width: 1232px) 100vw, 1232px\" \/>        <\/a>\n    <\/div>\n    \t\t\t<\/div>\n\t\t\n\t\t<div class=\"post-content-body col-padding\">\n\t\t\t\t\t\t\t<div class=\"space-bottom-small\">\n\t\t\t\t\t<a href=\"https:\/\/electric-road-trip.com\/en\/ioniq-5\/\"  class=\"button color5 link\">IONIQ 5<\/a>\t\t\t\t<\/div>\n\t\t\t\n\t\t\t<h4 class=\"latest-news-item-title\">\n\t\t\t\t<a href=\"https:\/\/electric-road-trip.com\/en\/systeme-audio\/\" rel=\"bookmark\">\n\t\t\t\t\tAudio system \u2013 Replacing the stock speakers in the IONIQ 5 (without BOSE system)\t\t\t\t<\/a>\n\t\t\t<\/h4>\n\n\t\t\t\n\t\t\t<div class=\"latest-news-item-excerpt\">\n\t\t\t\t<p>My collection of devices, gadgets, and equipment that has complemented my IONIQ 5 for the past 2 years. Perhaps an inspiration for a gift list!?<\/p>\n\t\t\t<\/div>\n\n\n\t\t<\/div>\n\t\t\t\t\t\t\t<div class=\"mdc-card__actions box-padding-lr-small text-dark\">\n\t\t\t\t<div class=\"mdc-card__action-icons col-xs-12 text-dark col-sm-fit no-padding-left\">\n\t\t\t\t\t\t<a class=\"post-footer-link\" href=\"https:\/\/electric-road-trip.com\/en\/systeme-audio\/\">\n\t\t<i class=\"mdi small mdi-comment-outline mdc-card__action mdc-card__action--icon color-darkgray\" title=\"Comments\"><\/i>\n\t\t<span class=\"post-footer-value\">0<\/span>\n\t<\/a>\n\t<a class=\"post-footer-link\" href=\"https:\/\/electric-road-trip.com\/en\/systeme-audio\/\">\n\t\t<i class=\"mdi small mdi-clock mdc-card__action mdc-card__action--icon color-darkgray\" title=\"Post Time\"><\/i>\n\t\t<span class=\"post-footer-value\">July 11, 2025<\/span>\n\t<\/a>\n\t\t\t\t\t<\/div>\n\t\t\t\t<div class=\"mdc-card__action-buttons col-xs-12 col-sm-fit no-padding\">\n\t\t\t\t\t<a href=\"https:\/\/electric-road-trip.com\/en\/systeme-audio\/\" class=\"button color2 link\">Read more<\/a>\n\t\t\t\t<\/div>\n\t\t\t<\/div>\n\t\t\t<\/div>\n\t\t\t\t<\/div>\n\t\t\t\t<\/div>\n\t<\/div>\n<\/div>\n<div  class=\"row\">\n<div  class=\"col-xs-12 text-center\"><a  class=\"button big color1 mdc-elevation--z3 mdc-ripple-upgraded\" href=\"https:\/\/electric-road-trip.com\/en\/blog\/\" data-attr-shortcode=\"href:materialis_blog_link\">See all articles<\/a><\/div>\n<\/div>\n<\/div>\n<\/div><!-- \/wp:extendstudio\/materialis--><!-- wp:extendstudio\/materialis-->","protected":false},"excerpt":{"rendered":"<p>Comment tout a commenc\u00e9 Ce qui me passionne dans les road trips, c\u2019est l\u2019id\u00e9e d\u2019autonomie. \u00catre ma\u00eetre de mon propre itin\u00e9raire, pouvoir dormir dans ma voiture et ne d\u00e9pendre de personne pour planifier mes arr\u00eats. Avec les technologies modernes, je peux facilement travailler \u00e0 distance tout en explorant des endroits incroyables. Avec les v\u00e9hicules \u00e9lectriques,&nbsp;&hellip;<\/p>","protected":false},"author":1,"featured_media":0,"parent":0,"menu_order":0,"comment_status":"closed","ping_status":"closed","template":"page-templates\/homepage.php","meta":{"_seopress_robots_primary_cat":"","_seopress_titles_title":"","_seopress_titles_desc":"Je partage mes aventures en voiture \u00e9lectrique, o\u00f9 je combine exploration, astuces pratiques et travail \u00e0 distance.","_seopress_robots_index":"","_coblocks_attr":"","_coblocks_dimensions":"","_coblocks_responsive_height":"","_coblocks_accordion_ie_support":"","footnotes":""},"class_list":["post-70","page","type-page","status-publish","hentry"],"_links":{"self":[{"href":"https:\/\/electric-road-trip.com\/en\/wp-json\/wp\/v2\/pages\/70","targetHints":{"allow":["GET"]}}],"collection":[{"href":"https:\/\/electric-road-trip.com\/en\/wp-json\/wp\/v2\/pages"}],"about":[{"href":"https:\/\/electric-road-trip.com\/en\/wp-json\/wp\/v2\/types\/page"}],"author":[{"embeddable":true,"href":"https:\/\/electric-road-trip.com\/en\/wp-json\/wp\/v2\/users\/1"}],"replies":[{"embeddable":true,"href":"https:\/\/electric-road-trip.com\/en\/wp-json\/wp\/v2\/comments?post=70"}],"version-history":[{"count":18,"href":"https:\/\/electric-road-trip.com\/en\/wp-json\/wp\/v2\/pages\/70\/revisions"}],"predecessor-version":[{"id":488,"href":"https:\/\/electric-road-trip.com\/en\/wp-json\/wp\/v2\/pages\/70\/revisions\/488"}],"wp:attachment":[{"href":"https:\/\/electric-road-trip.com\/en\/wp-json\/wp\/v2\/media?parent=70"}],"curies":[{"name":"wp","href":"https:\/\/api.w.org\/{rel}","templated":true}]}}